{"id":1088,"date":"2023-11-01T14:31:17","date_gmt":"2023-11-01T13:31:17","guid":{"rendered":"https:\/\/fjordblinkplast.auxodev2.dk\/kontakt\/"},"modified":"2026-03-20T14:21:53","modified_gmt":"2026-03-20T13:21:53","slug":"kontakt","status":"publish","type":"page","link":"https:\/\/fjordblinkplast.auxodev2.dk\/en\/kontakt\/","title":{"rendered":"Contact"},"content":{"rendered":"<div data-elementor-type=\"wp-post\" data-elementor-id=\"1088\" class=\"elementor elementor-1088\" data-elementor-post-type=\"page\">\n\t\t\t\t<div class=\"elementor-element elementor-element-b93f038 forside-hero e-flex e-con-boxed e-con e-parent\" data-id=\"b93f038\" data-element_type=\"container\" data-settings=\"{&quot;background_background&quot;:&quot;classic&quot;}\">\n\t\t\t\t\t<div class=\"e-con-inner\">\n\t\t<div class=\"elementor-element elementor-element-f68bf3b e-flex e-con-boxed e-con e-child\" data-id=\"f68bf3b\" data-element_type=\"container\" data-settings=\"{&quot;background_background&quot;:&quot;classic&quot;}\">\n\t\t\t\t\t<div class=\"e-con-inner\">\n\t\t<div class=\"elementor-element elementor-element-dccec72 e-con-full e-flex e-con e-child\" data-id=\"dccec72\" data-element_type=\"container\">\n\t\t\t\t<div class=\"elementor-element elementor-element-bd724b2 elementor-widget__width-initial elementor-widget elementor-widget-heading\" data-id=\"bd724b2\" data-element_type=\"widget\" data-widget_type=\"heading.default\">\n\t\t\t\t<div class=\"elementor-widget-container\">\n\t\t\t\t\t<h1 class=\"elementor-heading-title elementor-size-default\">Kontakt Fjordblink Plast<\/h1>\t\t\t\t<\/div>\n\t\t\t\t<\/div>\n\t\t\t\t<\/div>\n\t\t\t\t\t<\/div>\n\t\t\t\t<\/div>\n\t\t\t\t\t<\/div>\n\t\t\t\t<\/div>\n\t\t<div class=\"elementor-element elementor-element-f8e32fb e-flex e-con-boxed e-con e-parent\" data-id=\"f8e32fb\" data-element_type=\"container\" data-settings=\"{&quot;background_background&quot;:&quot;classic&quot;}\">\n\t\t\t\t\t<div class=\"e-con-inner\">\n\t\t<div class=\"elementor-element elementor-element-5ad60f3 e-con-full e-flex e-con e-child\" data-id=\"5ad60f3\" data-element_type=\"container\">\n\t\t<div class=\"elementor-element elementor-element-e803b89 e-con-full e-flex e-con e-child\" data-id=\"e803b89\" data-element_type=\"container\">\n\t\t\t\t<div class=\"elementor-element elementor-element-28686d3 elementor-widget__width-initial elementor-widget elementor-widget-heading\" data-id=\"28686d3\" data-element_type=\"widget\" data-widget_type=\"heading.default\">\n\t\t\t\t<div class=\"elementor-widget-container\">\n\t\t\t\t\t<h2 class=\"elementor-heading-title elementor-size-default\">Contact information<\/h2>\t\t\t\t<\/div>\n\t\t\t\t<\/div>\n\t\t<div class=\"elementor-element elementor-element-ce16fe6 e-grid e-con-full e-con e-child\" data-id=\"ce16fe6\" data-element_type=\"container\">\n\t\t\t\t<div class=\"elementor-element elementor-element-58d0b4f elementor-widget__width-inherit elementor-widget elementor-widget-icon-box\" data-id=\"58d0b4f\" data-element_type=\"widget\" data-widget_type=\"icon-box.default\">\n\t\t\t\t<div class=\"elementor-widget-container\">\n\t\t\t\t\t\t\t<div class=\"elementor-icon-box-wrapper\">\n\n\t\t\t\n\t\t\t\t\t\t<div class=\"elementor-icon-box-content\">\n\n\t\t\t\t\t\t\t\t\t<h3 class=\"elementor-icon-box-title\">\n\t\t\t\t\t\t<a href=\"mailto:mail@fjordblinkplast.com\" >\n\t\t\t\t\t\t\tEmail\t\t\t\t\t\t<\/a>\n\t\t\t\t\t<\/h3>\n\t\t\t\t\n\t\t\t\t\t\t\t\t\t<p class=\"elementor-icon-box-description\">\n\t\t\t\t\t\tmail@Fjordblinkplast.com\t\t\t\t\t<\/p>\n\t\t\t\t\n\t\t\t<\/div>\n\t\t\t\n\t\t<\/div>\n\t\t\t\t\t\t<\/div>\n\t\t\t\t<\/div>\n\t\t\t\t<div class=\"elementor-element elementor-element-c7c8b1a elementor-widget__width-inherit elementor-widget elementor-widget-icon-box\" data-id=\"c7c8b1a\" data-element_type=\"widget\" data-widget_type=\"icon-box.default\">\n\t\t\t\t<div class=\"elementor-widget-container\">\n\t\t\t\t\t\t\t<div class=\"elementor-icon-box-wrapper\">\n\n\t\t\t\n\t\t\t\t\t\t<div class=\"elementor-icon-box-content\">\n\n\t\t\t\t\t\t\t\t\t<h3 class=\"elementor-icon-box-title\">\n\t\t\t\t\t\t<a href=\"mailto:invoice@fjordblinkplast.com\" >\n\t\t\t\t\t\t\tInvoice\t\t\t\t\t\t<\/a>\n\t\t\t\t\t<\/h3>\n\t\t\t\t\n\t\t\t\t\t\t\t\t\t<p class=\"elementor-icon-box-description\">\n\t\t\t\t\t\tinvoice@Fjordblinkplast.com\t\t\t\t\t<\/p>\n\t\t\t\t\n\t\t\t<\/div>\n\t\t\t\n\t\t<\/div>\n\t\t\t\t\t\t<\/div>\n\t\t\t\t<\/div>\n\t\t\t\t<div class=\"elementor-element elementor-element-baa78e5 elementor-widget__width-inherit elementor-widget elementor-widget-icon-box\" data-id=\"baa78e5\" data-element_type=\"widget\" data-widget_type=\"icon-box.default\">\n\t\t\t\t<div class=\"elementor-widget-container\">\n\t\t\t\t\t\t\t<div class=\"elementor-icon-box-wrapper\">\n\n\t\t\t\n\t\t\t\t\t\t<div class=\"elementor-icon-box-content\">\n\n\t\t\t\t\t\t\t\t\t<h3 class=\"elementor-icon-box-title\">\n\t\t\t\t\t\t<a href=\"tel: 4570222266\" >\n\t\t\t\t\t\t\tTelefonnummer\t\t\t\t\t\t<\/a>\n\t\t\t\t\t<\/h3>\n\t\t\t\t\n\t\t\t\t\t\t\t\t\t<p class=\"elementor-icon-box-description\">\n\t\t\t\t\t\t+4570222266\t\t\t\t\t<\/p>\n\t\t\t\t\n\t\t\t<\/div>\n\t\t\t\n\t\t<\/div>\n\t\t\t\t\t\t<\/div>\n\t\t\t\t<\/div>\n\t\t\t\t<div class=\"elementor-element elementor-element-c223904 elementor-widget__width-inherit elementor-widget elementor-widget-icon-box\" data-id=\"c223904\" data-element_type=\"widget\" data-widget_type=\"icon-box.default\">\n\t\t\t\t<div class=\"elementor-widget-container\">\n\t\t\t\t\t\t\t<div class=\"elementor-icon-box-wrapper\">\n\n\t\t\t\n\t\t\t\t\t\t<div class=\"elementor-icon-box-content\">\n\n\t\t\t\t\t\t\t\t\t<h3 class=\"elementor-icon-box-title\">\n\t\t\t\t\t\t<a href=\"https:\/\/maps.app.goo.gl\/8KvnMCjSdA97atLj6\" target=\"_blank\" >\n\t\t\t\t\t\t\tAddress\t\t\t\t\t\t<\/a>\n\t\t\t\t\t<\/h3>\n\t\t\t\t\n\t\t\t\t\t\t\t\t\t<p class=\"elementor-icon-box-description\">\n\t\t\t\t\t\tLysningen 2, 8960 Randers S\u00d8,\nDanmark\t\t\t\t\t<\/p>\n\t\t\t\t\n\t\t\t<\/div>\n\t\t\t\n\t\t<\/div>\n\t\t\t\t\t\t<\/div>\n\t\t\t\t<\/div>\n\t\t\t\t<div class=\"elementor-element elementor-element-37b99e9 elementor-widget__width-inherit elementor-widget elementor-widget-icon-box\" data-id=\"37b99e9\" data-element_type=\"widget\" data-widget_type=\"icon-box.default\">\n\t\t\t\t<div class=\"elementor-widget-container\">\n\t\t\t\t\t\t\t<div class=\"elementor-icon-box-wrapper\">\n\n\t\t\t\n\t\t\t\t\t\t<div class=\"elementor-icon-box-content\">\n\n\t\t\t\t\t\t\t\t\t<h3 class=\"elementor-icon-box-title\">\n\t\t\t\t\t\t<span  >\n\t\t\t\t\t\t\tVAT number\t\t\t\t\t\t<\/span>\n\t\t\t\t\t<\/h3>\n\t\t\t\t\n\t\t\t\t\t\t\t\t\t<p class=\"elementor-icon-box-description\">\n\t\t\t\t\t\t65557517\t\t\t\t\t<\/p>\n\t\t\t\t\n\t\t\t<\/div>\n\t\t\t\n\t\t<\/div>\n\t\t\t\t\t\t<\/div>\n\t\t\t\t<\/div>\n\t\t\t\t<\/div>\n\t\t\t\t<\/div>\n\t\t<div class=\"elementor-element elementor-element-5e113c3 e-con-full e-flex e-con e-child\" data-id=\"5e113c3\" data-element_type=\"container\">\n\t\t\t\t<div class=\"elementor-element elementor-element-f8a5f87 elementor-widget elementor-widget-heading\" data-id=\"f8a5f87\" data-element_type=\"widget\" data-widget_type=\"heading.default\">\n\t\t\t\t<div class=\"elementor-widget-container\">\n\t\t\t\t\t<h5 class=\"elementor-heading-title elementor-size-default\">Can we assist you with the development of your product?<\/h5>\t\t\t\t<\/div>\n\t\t\t\t<\/div>\n\t\t\t\t<div class=\"elementor-element elementor-element-7bf7c29 elementor-widget elementor-widget-text-editor\" data-id=\"7bf7c29\" data-element_type=\"widget\" data-widget_type=\"text-editor.default\">\n\t\t\t\t<div class=\"elementor-widget-container\">\n\t\t\t\t\t\t\t\t\t<p>We can often answer that within just a few minutes once we know which product you are looking to need developed or produced.<br \/>If you fill out the form below, we will contact you within 48 hours.<\/p>\t\t\t\t\t\t\t\t<\/div>\n\t\t\t\t<\/div>\n\t\t\t\t<div class=\"elementor-element elementor-element-0e003ad elementor-widget-tablet__width-inherit elementor-button-align-stretch elementor-widget elementor-widget-form\" data-id=\"0e003ad\" data-element_type=\"widget\" data-settings=\"{&quot;button_width&quot;:&quot;50&quot;,&quot;step_next_label&quot;:&quot;Send foresp\\u00f8rgsel&quot;,&quot;step_previous_label&quot;:&quot;Tidligere&quot;,&quot;step_type&quot;:&quot;number_text&quot;,&quot;step_icon_shape&quot;:&quot;circle&quot;}\" data-widget_type=\"form.default\">\n\t\t\t\t<div class=\"elementor-widget-container\">\n\t\t\t\t\t\t\t<form class=\"elementor-form\" method=\"post\" name=\"Kontakt formular\" aria-label=\"Contact form\" action=\"\">\n\t\t\t<input type=\"hidden\" name=\"post_id\" value=\"1088\"\/>\n\t\t\t<input type=\"hidden\" name=\"form_id\" value=\"0e003ad\"\/>\n\t\t\t<input type=\"hidden\" name=\"referer_title\" value=\"fjordblinkplast\" \/>\n\n\t\t\t\n\t\t\t<div class=\"elementor-form-fields-wrapper elementor-labels-above\">\n\t\t\t\t\t\t\t\t<div class=\"elementor-field-type-text elementor-field-group elementor-column elementor-field-group-name elementor-col-50\">\n\t\t\t\t\t\t\t\t\t\t\t\t<label for=\"form-field-name\" class=\"elementor-field-label\">\n\t\t\t\t\t\t\t\tName\t\t\t\t\t\t\t<\/label>\n\t\t\t\t\t\t\t\t\t\t\t\t\t\t<input size=\"1\" type=\"text\" name=\"form_fields[name]\" id=\"form-field-name\" class=\"elementor-field elementor-size-md  elementor-field-textual\" placeholder=\"Name\">\n\t\t\t\t\t\t\t\t\t\t\t<\/div>\n\t\t\t\t\t\t\t\t<div class=\"elementor-field-type-email elementor-field-group elementor-column elementor-field-group-email elementor-col-50 elementor-field-required\">\n\t\t\t\t\t\t\t\t\t\t\t\t<label for=\"form-field-email\" class=\"elementor-field-label\">\n\t\t\t\t\t\t\t\tEmail\t\t\t\t\t\t\t<\/label>\n\t\t\t\t\t\t\t\t\t\t\t\t\t\t<input size=\"1\" type=\"email\" name=\"form_fields[email]\" id=\"form-field-email\" class=\"elementor-field elementor-size-md  elementor-field-textual\" placeholder=\"Email\" required=\"required\">\n\t\t\t\t\t\t\t\t\t\t\t<\/div>\n\t\t\t\t\t\t\t\t<div class=\"elementor-field-type-textarea elementor-field-group elementor-column elementor-field-group-message elementor-col-100\">\n\t\t\t\t\t\t\t\t\t\t\t\t<label for=\"form-field-message\" class=\"elementor-field-label\">\n\t\t\t\t\t\t\t\tMessage\t\t\t\t\t\t\t<\/label>\n\t\t\t\t\t\t<textarea class=\"elementor-field-textual elementor-field  elementor-size-md\" name=\"form_fields[message]\" id=\"form-field-message\" rows=\"3\" placeholder=\"Message\"><\/textarea>\t\t\t\t<\/div>\n\t\t\t\t\t\t\t\t<div class=\"elementor-field-type-acceptance elementor-field-group elementor-column elementor-field-group-field_5b1a101 elementor-col-100\">\n\t\t\t\t\t\t\t<div class=\"elementor-field-subgroup\">\n\t\t\t<span class=\"elementor-field-option\">\n\t\t\t\t<input type=\"checkbox\" name=\"form_fields[field_5b1a101]\" id=\"form-field-field_5b1a101\" class=\"elementor-field elementor-size-md  elementor-acceptance-field\">\n\t\t\t\t<label for=\"form-field-field_5b1a101\">I accept the <a href=\"https:\/\/fjordblinkplast.auxodev2.dk\/en\/privatlivspolitik\/\" target=\"_blank\" style=\"text-decoration: underline;\">privacy policy<\/a><\/label>\t\t\t<\/span>\n\t\t<\/div>\n\t\t\t\t\t\t<\/div>\n\t\t\t\t\t\t\t\t<div class=\"elementor-field-group elementor-column elementor-field-type-submit elementor-col-50 e-form__buttons\">\n\t\t\t\t\t<button class=\"elementor-button elementor-size-md\" type=\"submit\">\n\t\t\t\t\t\t<span class=\"elementor-button-content-wrapper\">\n\t\t\t\t\t\t\t\t\t\t\t\t\t\t\t<span class=\"elementor-button-icon\">\n\t\t\t\t\t\t\t\t\t<i aria-hidden=\"true\" class=\"far fa-long-arrow-right\"><\/i>\t\t\t\t\t\t\t\t\t\t\t\t\t\t\t\t\t<\/span>\n\t\t\t\t\t\t\t\t\t\t\t\t\t\t\t\t\t\t\t\t\t\t<span class=\"elementor-button-text\">Send<\/span>\n\t\t\t\t\t\t\t\t\t\t\t\t\t<\/span>\n\t\t\t\t\t<\/button>\n\t\t\t\t<\/div>\n\t\t\t<\/div>\n\t\t<input\n                    class=\"apbct_special_field apbct_email_id__elementor_form\"\n                    name=\"apbct__email_id__elementor_form\"\n                    aria-label=\"apbct__label_id__elementor_form\"\n                    type=\"text\" size=\"30\" maxlength=\"200\" autocomplete=\"off\"\n                    value=\"\"\n                \/><input type=\"hidden\" name=\"trp-form-language\" value=\"en\"\/><\/form>\n\t\t\t\t\t\t<\/div>\n\t\t\t\t<\/div>\n\t\t\t\t<\/div>\n\t\t\t\t<\/div>\n\t\t\t\t\t<\/div>\n\t\t\t\t<\/div>\n\t\t<div class=\"elementor-element elementor-element-0c5b8c1 e-flex e-con-boxed e-con e-parent\" data-id=\"0c5b8c1\" data-element_type=\"container\" data-settings=\"{&quot;background_background&quot;:&quot;classic&quot;}\">\n\t\t\t\t\t<div class=\"e-con-inner\">\n\t\t<div class=\"elementor-element elementor-element-8b6b765 e-con-full e-flex e-con e-child\" data-id=\"8b6b765\" data-element_type=\"container\">\n\t\t<div class=\"elementor-element elementor-element-12b7312 e-con-full e-flex e-con e-child\" data-id=\"12b7312\" data-element_type=\"container\" data-settings=\"{&quot;background_background&quot;:&quot;classic&quot;}\">\n\t\t\t\t<div class=\"elementor-element elementor-element-2707f17 elementor-widget__width-initial elementor-widget elementor-widget-heading\" data-id=\"2707f17\" data-element_type=\"widget\" data-widget_type=\"heading.default\">\n\t\t\t\t<div class=\"elementor-widget-container\">\n\t\t\t\t\t<h2 class=\"elementor-heading-title elementor-size-default\">Administration<\/h2>\t\t\t\t<\/div>\n\t\t\t\t<\/div>\n\t\t<div class=\"elementor-element elementor-element-b503e53 e-grid e-con-full e-con e-child\" data-id=\"b503e53\" data-element_type=\"container\">\n\t\t<div class=\"elementor-element elementor-element-15185c3 e-con-full e-flex e-con e-child\" data-id=\"15185c3\" data-element_type=\"container\">\n\t\t<div class=\"elementor-element elementor-element-46fa2bd e-con-full e-flex e-con e-child\" data-id=\"46fa2bd\" data-element_type=\"container\" data-settings=\"{&quot;background_background&quot;:&quot;classic&quot;}\">\n\t\t\t\t<\/div>\n\t\t<div class=\"elementor-element elementor-element-88faf1f e-con-full e-flex e-con e-child\" data-id=\"88faf1f\" data-element_type=\"container\">\n\t\t\t\t<div class=\"elementor-element elementor-element-d18428a elementor-widget elementor-widget-heading\" data-id=\"d18428a\" data-element_type=\"widget\" data-widget_type=\"heading.default\">\n\t\t\t\t<div class=\"elementor-widget-container\">\n\t\t\t\t\t<h5 class=\"elementor-heading-title elementor-size-default\">Torsten Tvedegaard<\/h5>\t\t\t\t<\/div>\n\t\t\t\t<\/div>\n\t\t\t\t<div class=\"elementor-element elementor-element-93ee27c elementor-widget elementor-widget-text-editor\" data-id=\"93ee27c\" data-element_type=\"widget\" data-widget_type=\"text-editor.default\">\n\t\t\t\t<div class=\"elementor-widget-container\">\n\t\t\t\t\t\t\t\t\tDirector\t\t\t\t\t\t\t\t<\/div>\n\t\t\t\t<\/div>\n\t\t\t\t<div class=\"elementor-element elementor-element-5cdd664 elementor-align-left elementor-mobile-align-left elementor-widget-tablet__width-initial elementor-icon-list--layout-traditional elementor-list-item-link-full_width elementor-widget elementor-widget-icon-list\" data-id=\"5cdd664\" data-element_type=\"widget\" data-widget_type=\"icon-list.default\">\n\t\t\t\t<div class=\"elementor-widget-container\">\n\t\t\t\t\t\t\t<ul class=\"elementor-icon-list-items\">\n\t\t\t\t\t\t\t<li class=\"elementor-icon-list-item\">\n\t\t\t\t\t\t\t\t\t\t\t<a href=\"tel: 4552236661\">\n\n\t\t\t\t\t\t\t\t\t\t\t<span class=\"elementor-icon-list-text\">+45 52 23 66 61<\/span>\n\t\t\t\t\t\t\t\t\t\t\t<\/a>\n\t\t\t\t\t\t\t\t\t<\/li>\n\t\t\t\t\t\t<\/ul>\n\t\t\t\t\t\t<\/div>\n\t\t\t\t<\/div>\n\t\t\t\t<\/div>\n\t\t\t\t<\/div>\n\t\t<div class=\"elementor-element elementor-element-68d4ec6 e-con-full e-flex e-con e-child\" data-id=\"68d4ec6\" data-element_type=\"container\">\n\t\t<div class=\"elementor-element elementor-element-d4b9420 e-con-full e-flex e-con e-child\" data-id=\"d4b9420\" data-element_type=\"container\" data-settings=\"{&quot;background_background&quot;:&quot;classic&quot;}\">\n\t\t\t\t<\/div>\n\t\t<div class=\"elementor-element elementor-element-0027497 e-con-full e-flex e-con e-child\" data-id=\"0027497\" data-element_type=\"container\">\n\t\t\t\t<div class=\"elementor-element elementor-element-6d5cfd7 elementor-widget elementor-widget-heading\" data-id=\"6d5cfd7\" data-element_type=\"widget\" data-widget_type=\"heading.default\">\n\t\t\t\t<div class=\"elementor-widget-container\">\n\t\t\t\t\t<h5 class=\"elementor-heading-title elementor-size-default\">Bitten Tvedegaard<\/h5>\t\t\t\t<\/div>\n\t\t\t\t<\/div>\n\t\t\t\t<div class=\"elementor-element elementor-element-f673d33 elementor-widget elementor-widget-text-editor\" data-id=\"f673d33\" data-element_type=\"widget\" data-widget_type=\"text-editor.default\">\n\t\t\t\t<div class=\"elementor-widget-container\">\n\t\t\t\t\t\t\t\t\tManaging director\t\t\t\t\t\t\t\t<\/div>\n\t\t\t\t<\/div>\n\t\t\t\t<div class=\"elementor-element elementor-element-469aafb elementor-align-left elementor-mobile-align-left elementor-widget-tablet__width-initial elementor-icon-list--layout-traditional elementor-list-item-link-full_width elementor-widget elementor-widget-icon-list\" data-id=\"469aafb\" data-element_type=\"widget\" data-widget_type=\"icon-list.default\">\n\t\t\t\t<div class=\"elementor-widget-container\">\n\t\t\t\t\t\t\t<ul class=\"elementor-icon-list-items\">\n\t\t\t\t\t\t\t<li class=\"elementor-icon-list-item\">\n\t\t\t\t\t\t\t\t\t\t\t<a href=\"tel: 4552236662\">\n\n\t\t\t\t\t\t\t\t\t\t\t<span class=\"elementor-icon-list-text\">+45 52 23 66 62<\/span>\n\t\t\t\t\t\t\t\t\t\t\t<\/a>\n\t\t\t\t\t\t\t\t\t<\/li>\n\t\t\t\t\t\t<\/ul>\n\t\t\t\t\t\t<\/div>\n\t\t\t\t<\/div>\n\t\t\t\t<\/div>\n\t\t\t\t<\/div>\n\t\t\t\t<\/div>\n\t\t\t\t<\/div>\n\t\t\t\t<div class=\"elementor-element elementor-element-c387cb5 elementor-widget elementor-widget-google_maps\" data-id=\"c387cb5\" data-element_type=\"widget\" data-widget_type=\"google_maps.default\">\n\t\t\t\t<div class=\"elementor-widget-container\">\n\t\t\t\t\t\t\t<div class=\"elementor-custom-embed\">\n\t\t\t<iframe loading=\"lazy\"\n\t\t\t\t\tsrc=\"https:\/\/maps.google.com\/maps?q=Lysningen%202%2C%20Randers&#038;t=m&#038;z=10&#038;output=embed&#038;iwloc=near\"\n\t\t\t\t\ttitle=\"Lysningen 2, Randers\"\n\t\t\t\t\taria-label=\"Lysningen 2, Randers\"\n\t\t\t><\/iframe>\n\t\t<\/div>\n\t\t\t\t\t\t<\/div>\n\t\t\t\t<\/div>\n\t\t\t\t<\/div>\n\t\t\t\t\t<\/div>\n\t\t\t\t<\/div>\n\t\t\t\t<\/div>","protected":false},"excerpt":{"rendered":"<p>Kontakt Fjordblink Plast Kontakt oplysninger E-mail mail@Fjordblinkplast.com Invoice invoice@Fjordblinkplast.com Telefonnummer +4570222266 Adresse Lysningen 2, 8960 Randers S\u00d8, Danmark CVR nummer 65557517 Kan vi hj\u00e6lpe dig med udvikling af dit produkt? Det kan vi faktisk ofte svare p\u00e5 allerede indefor f\u00e5 minutter, n\u00e5r vi har h\u00f8rt hvilket produkt det er I s\u00f8ger udviklet eller produceret.Udfylder du [&hellip;]<\/p>","protected":false},"author":1,"featured_media":0,"parent":0,"menu_order":0,"comment_status":"closed","ping_status":"closed","template":"","meta":{"_acf_changed":false,"footnotes":""},"class_list":["post-1088","page","type-page","status-publish","hentry"],"acf":[],"yoast_head":"<!-- This site is optimized with the Yoast SEO plugin v26.8 - https:\/\/yoast.com\/product\/yoast-seo-wordpress\/ -->\n<title>Kontakt - fjordblinkplast<\/title>\n<meta name=\"robots\" content=\"noindex, follow, max-snippet:-1, max-image-preview:large, max-video-preview:-1\" \/>\n<meta property=\"og:locale\" content=\"en_GB\" \/>\n<meta property=\"og:type\" content=\"article\" \/>\n<meta property=\"og:title\" content=\"Kontakt - fjordblinkplast\" \/>\n<meta property=\"og:description\" content=\"Kontakt Fjordblink Plast Kontakt oplysninger E-mail mail@Fjordblinkplast.com Invoice invoice@Fjordblinkplast.com Telefonnummer +4570222266 Adresse Lysningen 2, 8960 Randers S\u00d8, Danmark CVR nummer 65557517 Kan vi hj\u00e6lpe dig med udvikling af dit produkt? Det kan vi faktisk ofte svare p\u00e5 allerede indefor f\u00e5 minutter, n\u00e5r vi har h\u00f8rt hvilket produkt det er I s\u00f8ger udviklet eller produceret.Udfylder du [&hellip;]\" \/>\n<meta property=\"og:url\" content=\"https:\/\/fjordblinkplast.auxodev2.dk\/en\/kontakt\/\" \/>\n<meta property=\"og:site_name\" content=\"fjordblinkplast\" \/>\n<meta property=\"article:modified_time\" content=\"2026-03-20T13:21:53+00:00\" \/>\n<meta name=\"twitter:card\" content=\"summary_large_image\" \/>\n<meta name=\"twitter:label1\" content=\"Est. reading time\" \/>\n\t<meta name=\"twitter:data1\" content=\"1 minute\" \/>\n<script type=\"application\/ld+json\" class=\"yoast-schema-graph\">{\"@context\":\"https:\/\/schema.org\",\"@graph\":[{\"@type\":\"WebPage\",\"@id\":\"https:\/\/fjordblinkplast.auxodev2.dk\/kontakt\/\",\"url\":\"https:\/\/fjordblinkplast.auxodev2.dk\/kontakt\/\",\"name\":\"Kontakt - fjordblinkplast\",\"isPartOf\":{\"@id\":\"https:\/\/fjordblinkplast.auxodev2.dk\/#website\"},\"datePublished\":\"2023-11-01T13:31:17+00:00\",\"dateModified\":\"2026-03-20T13:21:53+00:00\",\"inLanguage\":\"en-GB\",\"potentialAction\":[{\"@type\":\"ReadAction\",\"target\":[\"https:\/\/fjordblinkplast.auxodev2.dk\/kontakt\/\"]}]},{\"@type\":\"WebSite\",\"@id\":\"https:\/\/fjordblinkplast.auxodev2.dk\/#website\",\"url\":\"https:\/\/fjordblinkplast.auxodev2.dk\/\",\"name\":\"fjordblinkplast\",\"description\":\"\",\"publisher\":{\"@id\":\"https:\/\/fjordblinkplast.auxodev2.dk\/#organization\"},\"potentialAction\":[{\"@type\":\"SearchAction\",\"target\":{\"@type\":\"EntryPoint\",\"urlTemplate\":\"https:\/\/fjordblinkplast.auxodev2.dk\/?s={search_term_string}\"},\"query-input\":{\"@type\":\"PropertyValueSpecification\",\"valueRequired\":true,\"valueName\":\"search_term_string\"}}],\"inLanguage\":\"en-GB\"},{\"@type\":\"Organization\",\"@id\":\"https:\/\/fjordblinkplast.auxodev2.dk\/#organization\",\"name\":\"fjordblinkplast\",\"url\":\"https:\/\/fjordblinkplast.auxodev2.dk\/\",\"logo\":{\"@type\":\"ImageObject\",\"inLanguage\":\"en-GB\",\"@id\":\"https:\/\/fjordblinkplast.auxodev2.dk\/#\/schema\/logo\/image\/\",\"url\":\"https:\/\/fjordblinkplast.auxodev2.dk\/wp-content\/uploads\/Fjordblinkplast-logo.png\",\"contentUrl\":\"https:\/\/fjordblinkplast.auxodev2.dk\/wp-content\/uploads\/Fjordblinkplast-logo.png\",\"width\":114,\"height\":114,\"caption\":\"fjordblinkplast\"},\"image\":{\"@id\":\"https:\/\/fjordblinkplast.auxodev2.dk\/#\/schema\/logo\/image\/\"}}]}<\/script>\n<!-- \/ Yoast SEO plugin. -->","yoast_head_json":{"title":"Kontakt - fjordblinkplast","robots":{"index":"noindex","follow":"follow","max-snippet":"max-snippet:-1","max-image-preview":"max-image-preview:large","max-video-preview":"max-video-preview:-1"},"og_locale":"en_GB","og_type":"article","og_title":"Kontakt - fjordblinkplast","og_description":"Kontakt Fjordblink Plast Kontakt oplysninger E-mail mail@Fjordblinkplast.com Invoice invoice@Fjordblinkplast.com Telefonnummer +4570222266 Adresse Lysningen 2, 8960 Randers S\u00d8, Danmark CVR nummer 65557517 Kan vi hj\u00e6lpe dig med udvikling af dit produkt? Det kan vi faktisk ofte svare p\u00e5 allerede indefor f\u00e5 minutter, n\u00e5r vi har h\u00f8rt hvilket produkt det er I s\u00f8ger udviklet eller produceret.Udfylder du [&hellip;]","og_url":"https:\/\/fjordblinkplast.auxodev2.dk\/en\/kontakt\/","og_site_name":"fjordblinkplast","article_modified_time":"2026-03-20T13:21:53+00:00","twitter_card":"summary_large_image","twitter_misc":{"Est. reading time":"1 minute"},"schema":{"@context":"https:\/\/schema.org","@graph":[{"@type":"WebPage","@id":"https:\/\/fjordblinkplast.auxodev2.dk\/kontakt\/","url":"https:\/\/fjordblinkplast.auxodev2.dk\/kontakt\/","name":"Kontakt - fjordblinkplast","isPartOf":{"@id":"https:\/\/fjordblinkplast.auxodev2.dk\/#website"},"datePublished":"2023-11-01T13:31:17+00:00","dateModified":"2026-03-20T13:21:53+00:00","inLanguage":"en-GB","potentialAction":[{"@type":"ReadAction","target":["https:\/\/fjordblinkplast.auxodev2.dk\/kontakt\/"]}]},{"@type":"WebSite","@id":"https:\/\/fjordblinkplast.auxodev2.dk\/#website","url":"https:\/\/fjordblinkplast.auxodev2.dk\/","name":"fjordblinkplast","description":"","publisher":{"@id":"https:\/\/fjordblinkplast.auxodev2.dk\/#organization"},"potentialAction":[{"@type":"SearchAction","target":{"@type":"EntryPoint","urlTemplate":"https:\/\/fjordblinkplast.auxodev2.dk\/?s={search_term_string}"},"query-input":{"@type":"PropertyValueSpecification","valueRequired":true,"valueName":"search_term_string"}}],"inLanguage":"en-GB"},{"@type":"Organization","@id":"https:\/\/fjordblinkplast.auxodev2.dk\/#organization","name":"fjordblinkplast","url":"https:\/\/fjordblinkplast.auxodev2.dk\/","logo":{"@type":"ImageObject","inLanguage":"en-GB","@id":"https:\/\/fjordblinkplast.auxodev2.dk\/#\/schema\/logo\/image\/","url":"https:\/\/fjordblinkplast.auxodev2.dk\/wp-content\/uploads\/Fjordblinkplast-logo.png","contentUrl":"https:\/\/fjordblinkplast.auxodev2.dk\/wp-content\/uploads\/Fjordblinkplast-logo.png","width":114,"height":114,"caption":"fjordblinkplast"},"image":{"@id":"https:\/\/fjordblinkplast.auxodev2.dk\/#\/schema\/logo\/image\/"}}]}},"_links":{"self":[{"href":"https:\/\/fjordblinkplast.auxodev2.dk\/en\/wp-json\/wp\/v2\/pages\/1088","targetHints":{"allow":["GET"]}}],"collection":[{"href":"https:\/\/fjordblinkplast.auxodev2.dk\/en\/wp-json\/wp\/v2\/pages"}],"about":[{"href":"https:\/\/fjordblinkplast.auxodev2.dk\/en\/wp-json\/wp\/v2\/types\/page"}],"author":[{"embeddable":true,"href":"https:\/\/fjordblinkplast.auxodev2.dk\/en\/wp-json\/wp\/v2\/users\/1"}],"replies":[{"embeddable":true,"href":"https:\/\/fjordblinkplast.auxodev2.dk\/en\/wp-json\/wp\/v2\/comments?post=1088"}],"version-history":[{"count":20,"href":"https:\/\/fjordblinkplast.auxodev2.dk\/en\/wp-json\/wp\/v2\/pages\/1088\/revisions"}],"predecessor-version":[{"id":3216,"href":"https:\/\/fjordblinkplast.auxodev2.dk\/en\/wp-json\/wp\/v2\/pages\/1088\/revisions\/3216"}],"wp:attachment":[{"href":"https:\/\/fjordblinkplast.auxodev2.dk\/en\/wp-json\/wp\/v2\/media?parent=1088"}],"curies":[{"name":"wp","href":"https:\/\/api.w.org\/{rel}","templated":true}]}}