{"id":1587,"date":"2025-10-28T09:59:43","date_gmt":"2025-10-28T08:59:43","guid":{"rendered":"https:\/\/fjordblinkplast.auxodev2.dk\/?page_id=1587"},"modified":"2026-01-21T14:26:27","modified_gmt":"2026-01-21T13:26:27","slug":"produktudvikling","status":"publish","type":"page","link":"https:\/\/fjordblinkplast.auxodev2.dk\/en\/produktudvikling\/","title":{"rendered":"Product development"},"content":{"rendered":"<div data-elementor-type=\"wp-page\" data-elementor-id=\"1587\" class=\"elementor elementor-1587\" data-elementor-post-type=\"page\">\n\t\t\t\t<div class=\"elementor-element elementor-element-327670e forside-hero e-flex e-con-boxed e-con e-parent\" data-id=\"327670e\" data-element_type=\"container\" data-settings=\"{&quot;background_background&quot;:&quot;classic&quot;}\">\n\t\t\t\t\t<div class=\"e-con-inner\">\n\t\t<div class=\"elementor-element elementor-element-9f9db91 e-flex e-con-boxed e-con e-child\" data-id=\"9f9db91\" data-element_type=\"container\" data-settings=\"{&quot;background_background&quot;:&quot;classic&quot;}\">\n\t\t\t\t\t<div class=\"e-con-inner\">\n\t\t<div class=\"elementor-element elementor-element-a4e9541 e-con-full e-flex e-con e-child\" data-id=\"a4e9541\" data-element_type=\"container\">\n\t\t\t\t<\/div>\n\t\t\t\t\t<\/div>\n\t\t\t\t<\/div>\n\t\t\t\t\t<\/div>\n\t\t\t\t<\/div>\n\t\t<div class=\"elementor-element elementor-element-407384a e-flex e-con-boxed e-con e-parent\" data-id=\"407384a\" data-element_type=\"container\" data-settings=\"{&quot;background_background&quot;:&quot;classic&quot;}\">\n\t\t\t\t\t<div class=\"e-con-inner\">\n\t\t<div class=\"elementor-element elementor-element-1817779 e-con-full e-flex e-con e-child\" data-id=\"1817779\" data-element_type=\"container\">\n\t\t<div class=\"elementor-element elementor-element-903fa19 e-con-full e-flex e-con e-child\" data-id=\"903fa19\" data-element_type=\"container\">\n\t\t<div class=\"elementor-element elementor-element-d77c88b e-con-full e-flex e-con e-child\" data-id=\"d77c88b\" data-element_type=\"container\">\n\t\t\t\t<div class=\"elementor-element elementor-element-84a0a6d elementor-widget__width-initial elementor-widget elementor-widget-heading\" data-id=\"84a0a6d\" data-element_type=\"widget\" data-widget_type=\"heading.default\">\n\t\t\t\t<div class=\"elementor-widget-container\">\n\t\t\t\t\t<h2 class=\"elementor-heading-title elementor-size-default\">From idea to finished product <\/h2>\t\t\t\t<\/div>\n\t\t\t\t<\/div>\n\t\t\t\t<div class=\"elementor-element elementor-element-cf6f41d elementor-widget elementor-widget-heading\" data-id=\"cf6f41d\" data-element_type=\"widget\" data-widget_type=\"heading.default\">\n\t\t\t\t<div class=\"elementor-widget-container\">\n\t\t\t\t\t<h5 class=\"elementor-heading-title elementor-size-default\">\u2013 We are your sparring partner all the way.<\/h5>\t\t\t\t<\/div>\n\t\t\t\t<\/div>\n\t\t\t\t<div class=\"elementor-element elementor-element-416f744 elementor-widget elementor-widget-text-editor\" data-id=\"416f744\" data-element_type=\"widget\" data-widget_type=\"text-editor.default\">\n\t\t\t\t<div class=\"elementor-widget-container\">\n\t\t\t\t\t\t\t\t\t<p>At Fjordblink Plast, we have over 50 years of experience combining engineering expertise with specialist knowledge in the development, design and production of products made from soft plastic.<\/p><p>We work closely with engineers, development departments and innovation projects \u2013 and know what it takes to successfully reach the finish line with technically demanding products.<\/p><p>Are you working on a completely unique project that requires sparring on design, materials, components and production methods?<\/p>\t\t\t\t\t\t\t\t<\/div>\n\t\t\t\t<\/div>\n\t\t\t\t<\/div>\n\t\t<div class=\"elementor-element elementor-element-d913ec2 e-con-full e-flex e-con e-child\" data-id=\"d913ec2\" data-element_type=\"container\">\n\t\t\t\t<div class=\"elementor-element elementor-element-faf1c49 e-transform elementor-widget elementor-widget-button\" data-id=\"faf1c49\" data-element_type=\"widget\" data-settings=\"{&quot;_transform_scale_effect_hover&quot;:{&quot;unit&quot;:&quot;px&quot;,&quot;size&quot;:1.02,&quot;sizes&quot;:[]},&quot;_transform_scale_effect_hover_tablet&quot;:{&quot;unit&quot;:&quot;px&quot;,&quot;size&quot;:&quot;&quot;,&quot;sizes&quot;:[]},&quot;_transform_scale_effect_hover_mobile&quot;:{&quot;unit&quot;:&quot;px&quot;,&quot;size&quot;:&quot;&quot;,&quot;sizes&quot;:[]}}\" data-widget_type=\"button.default\">\n\t\t\t\t<div class=\"elementor-widget-container\">\n\t\t\t\t\t\t\t\t\t<div class=\"elementor-button-wrapper\">\n\t\t\t\t\t<a class=\"elementor-button elementor-button-link elementor-size-sm\" href=\"https:\/\/fjordblinkplast.auxodev2.dk\/en\/produkter\/\">\n\t\t\t\t\t\t<span class=\"elementor-button-content-wrapper\">\n\t\t\t\t\t\t\t\t\t<span class=\"elementor-button-text\">See products<\/span>\n\t\t\t\t\t<\/span>\n\t\t\t\t\t<\/a>\n\t\t\t\t<\/div>\n\t\t\t\t\t\t\t\t<\/div>\n\t\t\t\t<\/div>\n\t\t\t\t<div class=\"elementor-element elementor-element-23e9720 e-transform elementor-widget elementor-widget-button\" data-id=\"23e9720\" data-element_type=\"widget\" data-settings=\"{&quot;_transform_scale_effect_hover&quot;:{&quot;unit&quot;:&quot;px&quot;,&quot;size&quot;:1.02,&quot;sizes&quot;:[]},&quot;_transform_scale_effect_hover_tablet&quot;:{&quot;unit&quot;:&quot;px&quot;,&quot;size&quot;:&quot;&quot;,&quot;sizes&quot;:[]},&quot;_transform_scale_effect_hover_mobile&quot;:{&quot;unit&quot;:&quot;px&quot;,&quot;size&quot;:&quot;&quot;,&quot;sizes&quot;:[]}}\" data-widget_type=\"button.default\">\n\t\t\t\t<div class=\"elementor-widget-container\">\n\t\t\t\t\t\t\t\t\t<div class=\"elementor-button-wrapper\">\n\t\t\t\t\t<a class=\"elementor-button elementor-button-link elementor-size-sm\" href=\"https:\/\/fjordblinkplast.auxodev2.dk\/en\/kontakt\/\">\n\t\t\t\t\t\t<span class=\"elementor-button-content-wrapper\">\n\t\t\t\t\t\t\t\t\t<span class=\"elementor-button-text\">Contact<\/span>\n\t\t\t\t\t<\/span>\n\t\t\t\t\t<\/a>\n\t\t\t\t<\/div>\n\t\t\t\t\t\t\t\t<\/div>\n\t\t\t\t<\/div>\n\t\t\t\t<\/div>\n\t\t\t\t<\/div>\n\t\t<div class=\"elementor-element elementor-element-389a59c e-con-full e-flex e-con e-child\" data-id=\"389a59c\" data-element_type=\"container\" data-settings=\"{&quot;background_background&quot;:&quot;classic&quot;}\">\n\t\t\t\t<\/div>\n\t\t\t\t<\/div>\n\t\t\t\t\t<\/div>\n\t\t\t\t<\/div>\n\t\t<div class=\"elementor-element elementor-element-c3fabca e-flex e-con-boxed e-con e-parent\" data-id=\"c3fabca\" data-element_type=\"container\" data-settings=\"{&quot;background_background&quot;:&quot;classic&quot;}\">\n\t\t\t\t\t<div class=\"e-con-inner\">\n\t\t<div class=\"elementor-element elementor-element-bb69246 e-con-full e-flex e-con e-child\" data-id=\"bb69246\" data-element_type=\"container\" data-settings=\"{&quot;background_background&quot;:&quot;classic&quot;}\">\n\t\t\t\t<div class=\"elementor-element elementor-element-cac1807 elementor-widget__width-initial elementor-widget elementor-widget-heading\" data-id=\"cac1807\" data-element_type=\"widget\" data-widget_type=\"heading.default\">\n\t\t\t\t<div class=\"elementor-widget-container\">\n\t\t\t\t\t<h2 class=\"elementor-heading-title elementor-size-default\">We can help you no matter how far you are in the process<\/h2>\t\t\t\t<\/div>\n\t\t\t\t<\/div>\n\t\t\t\t<div class=\"elementor-element elementor-element-3dd5e42 elementor-widget-tablet__width-initial elementor-widget elementor-widget-text-editor\" data-id=\"3dd5e42\" data-element_type=\"widget\" data-widget_type=\"text-editor.default\">\n\t\t\t\t<div class=\"elementor-widget-container\">\n\t\t\t\t\t\t\t\t\tWe are passionate about the development process and driven by transforming technical vision into reality\t\t\t\t\t\t\t\t<\/div>\n\t\t\t\t<\/div>\n\t\t\t\t<\/div>\n\t\t<div class=\"elementor-element elementor-element-22d09cf e-con-full e-grid e-con e-child\" data-id=\"22d09cf\" data-element_type=\"container\" data-settings=\"{&quot;background_background&quot;:&quot;classic&quot;}\">\n\t\t<div class=\"elementor-element elementor-element-49b11f1 e-con-full e-flex e-con e-child\" data-id=\"49b11f1\" data-element_type=\"container\" data-settings=\"{&quot;background_background&quot;:&quot;classic&quot;}\">\n\t\t\t\t<div class=\"elementor-element elementor-element-d9ddf16 elementor-widget__width-initial elementor-view-default elementor-widget elementor-widget-icon\" data-id=\"d9ddf16\" data-element_type=\"widget\" data-widget_type=\"icon.default\">\n\t\t\t\t<div class=\"elementor-widget-container\">\n\t\t\t\t\t\t\t<div class=\"elementor-icon-wrapper\">\n\t\t\t<div class=\"elementor-icon\">\n\t\t\t<i aria-hidden=\"true\" class=\"far fa-lightbulb\"><\/i>\t\t\t<\/div>\n\t\t<\/div>\n\t\t\t\t\t\t<\/div>\n\t\t\t\t<\/div>\n\t\t\t\t<div class=\"elementor-element elementor-element-6bea65f elementor-widget-mobile__width-initial elementor-widget elementor-widget-icon-box\" data-id=\"6bea65f\" data-element_type=\"widget\" data-widget_type=\"icon-box.default\">\n\t\t\t\t<div class=\"elementor-widget-container\">\n\t\t\t\t\t\t\t<div class=\"elementor-icon-box-wrapper\">\n\n\t\t\t\n\t\t\t\t\t\t<div class=\"elementor-icon-box-content\">\n\n\t\t\t\t\t\t\t\t\t<h4 class=\"elementor-icon-box-title\">\n\t\t\t\t\t\t<span  >\n\t\t\t\t\t\t\tEarly in the process \t\t\t\t\t\t<\/span>\n\t\t\t\t\t<\/h4>\n\t\t\t\t\n\t\t\t\t\t\t\t\t\t<p class=\"elementor-icon-box-description\">\n\t\t\t\t\t\tIf the product is early in the process, we can provide guidance regarding design, material selection, function, prototypes, and production.\t\t\t\t\t<\/p>\n\t\t\t\t\n\t\t\t<\/div>\n\t\t\t\n\t\t<\/div>\n\t\t\t\t\t\t<\/div>\n\t\t\t\t<\/div>\n\t\t\t\t<\/div>\n\t\t<div class=\"elementor-element elementor-element-1d25e15 e-con-full e-flex e-con e-child\" data-id=\"1d25e15\" data-element_type=\"container\" data-settings=\"{&quot;background_background&quot;:&quot;classic&quot;}\">\n\t\t\t\t<div class=\"elementor-element elementor-element-154d5ec elementor-widget__width-initial elementor-view-default elementor-widget elementor-widget-icon\" data-id=\"154d5ec\" data-element_type=\"widget\" data-widget_type=\"icon.default\">\n\t\t\t\t<div class=\"elementor-widget-container\">\n\t\t\t\t\t\t\t<div class=\"elementor-icon-wrapper\">\n\t\t\t<div class=\"elementor-icon\">\n\t\t\t<i aria-hidden=\"true\" class=\"far fa-tools\"><\/i>\t\t\t<\/div>\n\t\t<\/div>\n\t\t\t\t\t\t<\/div>\n\t\t\t\t<\/div>\n\t\t\t\t<div class=\"elementor-element elementor-element-d417b7b elementor-widget-mobile__width-initial elementor-widget elementor-widget-icon-box\" data-id=\"d417b7b\" data-element_type=\"widget\" data-widget_type=\"icon-box.default\">\n\t\t\t\t<div class=\"elementor-widget-container\">\n\t\t\t\t\t\t\t<div class=\"elementor-icon-box-wrapper\">\n\n\t\t\t\n\t\t\t\t\t\t<div class=\"elementor-icon-box-content\">\n\n\t\t\t\t\t\t\t\t\t<h4 class=\"elementor-icon-box-title\">\n\t\t\t\t\t\t<span  >\n\t\t\t\t\t\t\tDevelopment process\t\t\t\t\t\t<\/span>\n\t\t\t\t\t<\/h4>\n\t\t\t\t\n\t\t\t\t\t\t\t\t\t<p class=\"elementor-icon-box-description\">\n\t\t\t\t\t\tIf the product is further along in the development process, and the design and material selection are in place, we can create prototypes and run tests to achieve the exact desired result.\t\t\t\t\t<\/p>\n\t\t\t\t\n\t\t\t<\/div>\n\t\t\t\n\t\t<\/div>\n\t\t\t\t\t\t<\/div>\n\t\t\t\t<\/div>\n\t\t\t\t<\/div>\n\t\t<div class=\"elementor-element elementor-element-31656be e-con-full e-flex e-con e-child\" data-id=\"31656be\" data-element_type=\"container\" data-settings=\"{&quot;background_background&quot;:&quot;classic&quot;}\">\n\t\t\t\t<div class=\"elementor-element elementor-element-97c696e elementor-widget__width-initial elementor-view-default elementor-widget elementor-widget-icon\" data-id=\"97c696e\" data-element_type=\"widget\" data-widget_type=\"icon.default\">\n\t\t\t\t<div class=\"elementor-widget-container\">\n\t\t\t\t\t\t\t<div class=\"elementor-icon-wrapper\">\n\t\t\t<div class=\"elementor-icon\">\n\t\t\t<i aria-hidden=\"true\" class=\"far fa-industry-alt\"><\/i>\t\t\t<\/div>\n\t\t<\/div>\n\t\t\t\t\t\t<\/div>\n\t\t\t\t<\/div>\n\t\t\t\t<div class=\"elementor-element elementor-element-d1d9fae elementor-widget-mobile__width-initial elementor-widget elementor-widget-icon-box\" data-id=\"d1d9fae\" data-element_type=\"widget\" data-widget_type=\"icon-box.default\">\n\t\t\t\t<div class=\"elementor-widget-container\">\n\t\t\t\t\t\t\t<div class=\"elementor-icon-box-wrapper\">\n\n\t\t\t\n\t\t\t\t\t\t<div class=\"elementor-icon-box-content\">\n\n\t\t\t\t\t\t\t\t\t<h4 class=\"elementor-icon-box-title\">\n\t\t\t\t\t\t<span  >\n\t\t\t\t\t\t\tMissing manufacturer\t\t\t\t\t\t<\/span>\n\t\t\t\t\t<\/h4>\n\t\t\t\t\n\t\t\t\t\t\t\t\t\t<p class=\"elementor-icon-box-description\">\n\t\t\t\t\t\tIf the product development is fully completed and you are missing a manufacturer, we can produce items based on product specifications and drawings in a flexible production \u2014 also in small series.\t\t\t\t\t<\/p>\n\t\t\t\t\n\t\t\t<\/div>\n\t\t\t\n\t\t<\/div>\n\t\t\t\t\t\t<\/div>\n\t\t\t\t<\/div>\n\t\t\t\t<\/div>\n\t\t<div class=\"elementor-element elementor-element-2facffd e-con-full elementor-hidden-desktop elementor-hidden-mobile e-flex e-con e-child\" data-id=\"2facffd\" data-element_type=\"container\" data-settings=\"{&quot;background_background&quot;:&quot;classic&quot;}\">\n\t\t\t\t<\/div>\n\t\t\t\t<\/div>\n\t\t\t\t\t<\/div>\n\t\t\t\t<\/div>\n\t\t\t\t<\/div>","protected":false},"excerpt":{"rendered":"<p>Fra id\u00e9 til f\u00e6rdigt produkt &#8211; Vi er jeres sparringspartner hele vejen. Hos Fjordblink Plast har vi over 50 \u00e5rs erfaring med at kombinere ingeni\u00f8rf\u00e6rdighed med specialviden inden for udvikling, design og produktion af produkter i bl\u00f8d plast. Vi arbejder t\u00e6t sammen med ingeni\u00f8rer, udviklingsafdelinger og innovationsprojekter &#8211; og ved, hvad der skal til for [&hellip;]<\/p>","protected":false},"author":1,"featured_media":0,"parent":0,"menu_order":0,"comment_status":"closed","ping_status":"closed","template":"","meta":{"_acf_changed":false,"footnotes":""},"class_list":["post-1587","page","type-page","status-publish","hentry"],"acf":[],"yoast_head":"<!-- This site is optimized with the Yoast SEO plugin v26.8 - https:\/\/yoast.com\/product\/yoast-seo-wordpress\/ -->\n<title>Produktudvikling - fjordblinkplast<\/title>\n<meta name=\"robots\" content=\"noindex, follow, max-snippet:-1, max-image-preview:large, max-video-preview:-1\" \/>\n<meta property=\"og:locale\" content=\"en_GB\" \/>\n<meta property=\"og:type\" content=\"article\" \/>\n<meta property=\"og:title\" content=\"Produktudvikling - fjordblinkplast\" \/>\n<meta property=\"og:description\" content=\"Fra id\u00e9 til f\u00e6rdigt produkt &#8211; Vi er jeres sparringspartner hele vejen. Hos Fjordblink Plast har vi over 50 \u00e5rs erfaring med at kombinere ingeni\u00f8rf\u00e6rdighed med specialviden inden for udvikling, design og produktion af produkter i bl\u00f8d plast. Vi arbejder t\u00e6t sammen med ingeni\u00f8rer, udviklingsafdelinger og innovationsprojekter &#8211; og ved, hvad der skal til for [&hellip;]\" \/>\n<meta property=\"og:url\" content=\"https:\/\/fjordblinkplast.auxodev2.dk\/en\/produktudvikling\/\" \/>\n<meta property=\"og:site_name\" content=\"fjordblinkplast\" \/>\n<meta property=\"article:modified_time\" content=\"2026-01-21T13:26:27+00:00\" \/>\n<meta name=\"twitter:card\" content=\"summary_large_image\" \/>\n<meta name=\"twitter:label1\" content=\"Est. reading time\" \/>\n\t<meta name=\"twitter:data1\" content=\"1 minute\" \/>\n<script type=\"application\/ld+json\" class=\"yoast-schema-graph\">{\"@context\":\"https:\/\/schema.org\",\"@graph\":[{\"@type\":\"WebPage\",\"@id\":\"https:\/\/fjordblinkplast.auxodev2.dk\/produktudvikling\/\",\"url\":\"https:\/\/fjordblinkplast.auxodev2.dk\/produktudvikling\/\",\"name\":\"Produktudvikling - fjordblinkplast\",\"isPartOf\":{\"@id\":\"https:\/\/fjordblinkplast.auxodev2.dk\/#website\"},\"datePublished\":\"2025-10-28T08:59:43+00:00\",\"dateModified\":\"2026-01-21T13:26:27+00:00\",\"inLanguage\":\"en-GB\",\"potentialAction\":[{\"@type\":\"ReadAction\",\"target\":[\"https:\/\/fjordblinkplast.auxodev2.dk\/produktudvikling\/\"]}]},{\"@type\":\"WebSite\",\"@id\":\"https:\/\/fjordblinkplast.auxodev2.dk\/#website\",\"url\":\"https:\/\/fjordblinkplast.auxodev2.dk\/\",\"name\":\"fjordblinkplast\",\"description\":\"\",\"publisher\":{\"@id\":\"https:\/\/fjordblinkplast.auxodev2.dk\/#organization\"},\"potentialAction\":[{\"@type\":\"SearchAction\",\"target\":{\"@type\":\"EntryPoint\",\"urlTemplate\":\"https:\/\/fjordblinkplast.auxodev2.dk\/?s={search_term_string}\"},\"query-input\":{\"@type\":\"PropertyValueSpecification\",\"valueRequired\":true,\"valueName\":\"search_term_string\"}}],\"inLanguage\":\"en-GB\"},{\"@type\":\"Organization\",\"@id\":\"https:\/\/fjordblinkplast.auxodev2.dk\/#organization\",\"name\":\"fjordblinkplast\",\"url\":\"https:\/\/fjordblinkplast.auxodev2.dk\/\",\"logo\":{\"@type\":\"ImageObject\",\"inLanguage\":\"en-GB\",\"@id\":\"https:\/\/fjordblinkplast.auxodev2.dk\/#\/schema\/logo\/image\/\",\"url\":\"https:\/\/fjordblinkplast.auxodev2.dk\/wp-content\/uploads\/Fjordblinkplast-logo.png\",\"contentUrl\":\"https:\/\/fjordblinkplast.auxodev2.dk\/wp-content\/uploads\/Fjordblinkplast-logo.png\",\"width\":114,\"height\":114,\"caption\":\"fjordblinkplast\"},\"image\":{\"@id\":\"https:\/\/fjordblinkplast.auxodev2.dk\/#\/schema\/logo\/image\/\"}}]}<\/script>\n<!-- \/ Yoast SEO plugin. -->","yoast_head_json":{"title":"Produktudvikling - fjordblinkplast","robots":{"index":"noindex","follow":"follow","max-snippet":"max-snippet:-1","max-image-preview":"max-image-preview:large","max-video-preview":"max-video-preview:-1"},"og_locale":"en_GB","og_type":"article","og_title":"Produktudvikling - fjordblinkplast","og_description":"Fra id\u00e9 til f\u00e6rdigt produkt &#8211; Vi er jeres sparringspartner hele vejen. Hos Fjordblink Plast har vi over 50 \u00e5rs erfaring med at kombinere ingeni\u00f8rf\u00e6rdighed med specialviden inden for udvikling, design og produktion af produkter i bl\u00f8d plast. Vi arbejder t\u00e6t sammen med ingeni\u00f8rer, udviklingsafdelinger og innovationsprojekter &#8211; og ved, hvad der skal til for [&hellip;]","og_url":"https:\/\/fjordblinkplast.auxodev2.dk\/en\/produktudvikling\/","og_site_name":"fjordblinkplast","article_modified_time":"2026-01-21T13:26:27+00:00","twitter_card":"summary_large_image","twitter_misc":{"Est. reading time":"1 minute"},"schema":{"@context":"https:\/\/schema.org","@graph":[{"@type":"WebPage","@id":"https:\/\/fjordblinkplast.auxodev2.dk\/produktudvikling\/","url":"https:\/\/fjordblinkplast.auxodev2.dk\/produktudvikling\/","name":"Produktudvikling - fjordblinkplast","isPartOf":{"@id":"https:\/\/fjordblinkplast.auxodev2.dk\/#website"},"datePublished":"2025-10-28T08:59:43+00:00","dateModified":"2026-01-21T13:26:27+00:00","inLanguage":"en-GB","potentialAction":[{"@type":"ReadAction","target":["https:\/\/fjordblinkplast.auxodev2.dk\/produktudvikling\/"]}]},{"@type":"WebSite","@id":"https:\/\/fjordblinkplast.auxodev2.dk\/#website","url":"https:\/\/fjordblinkplast.auxodev2.dk\/","name":"fjordblinkplast","description":"","publisher":{"@id":"https:\/\/fjordblinkplast.auxodev2.dk\/#organization"},"potentialAction":[{"@type":"SearchAction","target":{"@type":"EntryPoint","urlTemplate":"https:\/\/fjordblinkplast.auxodev2.dk\/?s={search_term_string}"},"query-input":{"@type":"PropertyValueSpecification","valueRequired":true,"valueName":"search_term_string"}}],"inLanguage":"en-GB"},{"@type":"Organization","@id":"https:\/\/fjordblinkplast.auxodev2.dk\/#organization","name":"fjordblinkplast","url":"https:\/\/fjordblinkplast.auxodev2.dk\/","logo":{"@type":"ImageObject","inLanguage":"en-GB","@id":"https:\/\/fjordblinkplast.auxodev2.dk\/#\/schema\/logo\/image\/","url":"https:\/\/fjordblinkplast.auxodev2.dk\/wp-content\/uploads\/Fjordblinkplast-logo.png","contentUrl":"https:\/\/fjordblinkplast.auxodev2.dk\/wp-content\/uploads\/Fjordblinkplast-logo.png","width":114,"height":114,"caption":"fjordblinkplast"},"image":{"@id":"https:\/\/fjordblinkplast.auxodev2.dk\/#\/schema\/logo\/image\/"}}]}},"_links":{"self":[{"href":"https:\/\/fjordblinkplast.auxodev2.dk\/en\/wp-json\/wp\/v2\/pages\/1587","targetHints":{"allow":["GET"]}}],"collection":[{"href":"https:\/\/fjordblinkplast.auxodev2.dk\/en\/wp-json\/wp\/v2\/pages"}],"about":[{"href":"https:\/\/fjordblinkplast.auxodev2.dk\/en\/wp-json\/wp\/v2\/types\/page"}],"author":[{"embeddable":true,"href":"https:\/\/fjordblinkplast.auxodev2.dk\/en\/wp-json\/wp\/v2\/users\/1"}],"replies":[{"embeddable":true,"href":"https:\/\/fjordblinkplast.auxodev2.dk\/en\/wp-json\/wp\/v2\/comments?post=1587"}],"version-history":[{"count":20,"href":"https:\/\/fjordblinkplast.auxodev2.dk\/en\/wp-json\/wp\/v2\/pages\/1587\/revisions"}],"predecessor-version":[{"id":3170,"href":"https:\/\/fjordblinkplast.auxodev2.dk\/en\/wp-json\/wp\/v2\/pages\/1587\/revisions\/3170"}],"wp:attachment":[{"href":"https:\/\/fjordblinkplast.auxodev2.dk\/en\/wp-json\/wp\/v2\/media?parent=1587"}],"curies":[{"name":"wp","href":"https:\/\/api.w.org\/{rel}","templated":true}]}}